{"id":58,"date":"2025-11-05T16:35:47","date_gmt":"2025-11-05T16:35:47","guid":{"rendered":"https:\/\/cstocuz.md\/?page_id=58"},"modified":"2025-11-06T04:35:33","modified_gmt":"2025-11-06T04:35:33","slug":"vaccinat-protejat","status":"publish","type":"page","link":"https:\/\/cstocuz.md\/","title":{"rendered":"Info medical"},"content":{"rendered":"\n<div class=\"wp-block-columns is-layout-flex wp-container-core-columns-is-layout-9d6595d7 wp-block-columns-is-layout-flex\">\n<div class=\"wp-block-column is-layout-flow wp-block-column-is-layout-flow\">\n<figure class=\"wp-block-image size-full\"><img fetchpriority=\"high\" decoding=\"async\" width=\"630\" height=\"460\" src=\"https:\/\/cstocuz.md\/wp-content\/uploads\/2025\/11\/familie-1.png\" alt=\"\" class=\"wp-image-137\" srcset=\"https:\/\/cstocuz.md\/wp-content\/uploads\/2025\/11\/familie-1.png 630w, https:\/\/cstocuz.md\/wp-content\/uploads\/2025\/11\/familie-1-300x219.png 300w\" sizes=\"(max-width: 630px) 100vw, 630px\" \/><\/figure>\n<\/div>\n\n\n\n<div class=\"wp-block-column is-layout-flow wp-block-column-is-layout-flow\"><\/div>\n<\/div>\n\n\n\n<h3 class=\"wp-block-heading\">Centrul de S\u0103n\u0103tate Tocuz adreseaz\u0103 un apel c\u0103tre to\u021bi locuitorii satului  Tocuz , Ucrainca de a se prezenta la Centrul de S\u0103n\u0103tate Tocuz , OMF Ucrainca  pentru a se vaccina cu vaccinul antigripal sezonier.<\/h3>\n\n\n\n<h3 class=\"wp-block-heading\">Vaccinarea antigripal\u0103 este cea mai eficient\u0103 metod\u0103 de prevenire a gripei \u0219i a complica\u021biilor grave pe care aceasta le poate provoca. \u00cen cazul \u00eemboln\u0103virii, persoanele vaccinate suport\u0103 boala mai u\u0219or \u0219i se recupereaz\u0103 mai rapid.<\/h3>\n\n\n\n<h3 class=\"wp-block-heading\">Cet\u0103\u021benii sunt a\u0219tepta\u021bi zilnic, cu excep\u021bia zilei de duminic\u0103, la medicul de familie pentru administrarea vaccinului.<\/h3>\n\n\n\n<h3 class=\"wp-block-heading\">Sunt bineveni\u021bi to\u021bi doritorii, \u00eens\u0103 \u00een mod special \u00eei \u00eencuraj\u0103m pe cei care sufer\u0103 de boli cronice s\u0103 se imunizeze, pentru a-\u0219i proteja s\u0103n\u0103tatea \u0219i a evita riscurile complica\u021biilor.<\/h3>\n\n\n\n<h3 class=\"wp-block-heading\">V\u0103 \u00eendemn\u0103m s\u0103 ave\u021bi grij\u0103 de s\u0103n\u0103tatea Dumneavoastr\u0103 \u0219i a celor dragi!<br>Cu respect, Centrul de S\u0103n\u0103tate Tocuz.<\/h3>\n\n\n\n<p><a href=\"https:\/\/www.facebook.com\/sharer.php?u=https:\/\/csbulboaca.md\/2025\/10\/12\/invitatie-catre-locuitorii-satului-bulboaca\/\"><\/a><\/p>\n\n\n\n<p><a href=\"https:\/\/twitter.com\/intent\/tweet?url=https:\/\/csbulboaca.md\/2025\/10\/12\/invitatie-catre-locuitorii-satului-bulboaca\/\"><\/a><\/p>\n\n\n\n<p><a href=\"https:\/\/www.linkedin.com\/sharing\/share-offsite\/?url=https:\/\/csbulboaca.md\/2025\/10\/12\/invitatie-catre-locuitorii-satului-bulboaca\/\"><\/a><\/p>\n\n\n\n<p><a href=\"https:\/\/vk.com\/share.php?url=https:\/\/csbulboaca.md\/2025\/10\/12\/invitatie-catre-locuitorii-satului-bulboaca\/\"><\/a><\/p>\n\n\n\n<p><a href=\"mailto:?subject=Distribuie&amp;body=https:\/\/csbulboaca.md\/2025\/10\/12\/invitatie-catre-locuitorii-satului-bulboaca\/\"><\/a><\/p>\n\n\n\n<p><a href=\"https:\/\/csbulboaca.md\/2025\/10\/12\/invitatie-catre-locuitorii-satului-bulboaca\/#\"><\/a><\/p>\n","protected":false},"excerpt":{"rendered":"<p>Centrul de S\u0103n\u0103tate Tocuz adreseaz\u0103 un apel c\u0103tre to\u021bi locuitorii satului Tocuz , Ucrainca de a se prezenta la Centrul de S\u0103n\u0103tate Tocuz , OMF Ucrainca pentru a se vaccina cu vaccinul antigripal sezonier. Vaccinarea antigripal\u0103 este cea mai eficient\u0103 metod\u0103 de prevenire a gripei \u0219i a complica\u021biilor grave pe care aceasta le poate provoca. [&hellip;]<\/p>\n","protected":false},"author":1,"featured_media":0,"parent":0,"menu_order":0,"comment_status":"closed","ping_status":"closed","template":"","meta":{"footnotes":""},"class_list":["post-58","page","type-page","status-publish","hentry"],"_links":{"self":[{"href":"https:\/\/cstocuz.md\/index.php?rest_route=\/wp\/v2\/pages\/58","targetHints":{"allow":["GET"]}}],"collection":[{"href":"https:\/\/cstocuz.md\/index.php?rest_route=\/wp\/v2\/pages"}],"about":[{"href":"https:\/\/cstocuz.md\/index.php?rest_route=\/wp\/v2\/types\/page"}],"author":[{"embeddable":true,"href":"https:\/\/cstocuz.md\/index.php?rest_route=\/wp\/v2\/users\/1"}],"replies":[{"embeddable":true,"href":"https:\/\/cstocuz.md\/index.php?rest_route=%2Fwp%2Fv2%2Fcomments&post=58"}],"version-history":[{"count":3,"href":"https:\/\/cstocuz.md\/index.php?rest_route=\/wp\/v2\/pages\/58\/revisions"}],"predecessor-version":[{"id":139,"href":"https:\/\/cstocuz.md\/index.php?rest_route=\/wp\/v2\/pages\/58\/revisions\/139"}],"wp:attachment":[{"href":"https:\/\/cstocuz.md\/index.php?rest_route=%2Fwp%2Fv2%2Fmedia&parent=58"}],"curies":[{"name":"wp","href":"https:\/\/api.w.org\/{rel}","templated":true}]}}