{"id":74,"date":"2025-11-05T18:27:59","date_gmt":"2025-11-05T18:27:59","guid":{"rendered":"https:\/\/cstocuz.md\/?page_id=74"},"modified":"2025-11-06T05:58:06","modified_gmt":"2025-11-06T05:58:06","slug":"echipa-medicala","status":"publish","type":"page","link":"https:\/\/cstocuz.md\/?page_id=74","title":{"rendered":"Echipa medical\u0103"},"content":{"rendered":"\n<div class=\"wp-block-columns is-layout-flex wp-container-core-columns-is-layout-9d6595d7 wp-block-columns-is-layout-flex\">\n<div class=\"wp-block-column is-layout-flow wp-block-column-is-layout-flow\">\n<p class=\"has-text-align-center\"><strong>Centrul de s\u0103n\u0103tate Tocuz<\/strong><\/p>\n\n\n\n<figure class=\"wp-block-table\"><table class=\"has-fixed-layout\"><tbody><tr><td class=\"has-text-align-left\" data-align=\"left\">Medic de Familie  <\/td><\/tr><tr><td class=\"has-text-align-left\" data-align=\"left\">                           <strong><em>  Pot\u00eenga Vitalie<\/em><\/strong><\/td><\/tr><tr><td class=\"has-text-align-left\" data-align=\"left\">                            <strong><em>  Ivas Alexandru  <\/em><\/strong> <\/td><\/tr><tr><td class=\"has-text-align-left\" data-align=\"left\">Asistent medical de familie superior<\/td><\/tr><tr><td class=\"has-text-align-left\" data-align=\"left\">                                <strong><em>Melnic Ludmila<\/em><\/strong><\/td><\/tr><tr><td class=\"has-text-align-left\" data-align=\"left\">Asistent medical de familie <\/td><\/tr><tr><td class=\"has-text-align-left\" data-align=\"left\">                                <strong><em>\u021aaran Domnica<\/em><\/strong><\/td><\/tr><tr><td class=\"has-text-align-left\" data-align=\"left\">                                <strong><em>Tricolici Iulia<\/em><\/strong><\/td><\/tr><tr><td class=\"has-text-align-left\" data-align=\"left\">                                <strong><em>Tricolici Maria<\/em><\/strong><\/td><\/tr><tr><td class=\"has-text-align-left\" data-align=\"left\">                                <strong><em style=\"background-color: transparent;\">Trinchine\u021b<\/em><em> <\/em><em style=\"background-color: transparent;\">Tatiana<\/em><\/strong><\/td><\/tr><tr><td class=\"has-text-align-left\" data-align=\"left\"><\/td><\/tr><\/tbody><\/table><\/figure>\n\n\n\n<p><\/p>\n<\/div>\n\n\n\n<div class=\"wp-block-column is-layout-flow wp-block-column-is-layout-flow\">\n<p class=\"has-text-align-center\"><strong>Oficiul medicului de familie Ucrainca<\/strong><\/p>\n\n\n\n<figure class=\"wp-block-table\"><table class=\"has-fixed-layout\"><tbody><tr><td>Medic de familie<\/td><\/tr><tr><td>                          <em><strong> Ivas Alexandru   <\/strong><\/em><\/td><\/tr><tr><td>Asistent medical de familie        <\/td><\/tr><tr><td>                                <strong> \u021aaran Maria<\/strong><\/td><\/tr><tr><td><\/td><\/tr><\/tbody><\/table><\/figure>\n<\/div>\n<\/div>\n\n\n\n<p><\/p>\n","protected":false},"excerpt":{"rendered":"<p>Centrul de s\u0103n\u0103tate Tocuz Medic de Familie Pot\u00eenga Vitalie Ivas Alexandru Asistent medical de familie superior Melnic Ludmila Asistent medical de familie \u021aaran Domnica Tricolici Iulia Tricolici Maria Trinchine\u021b Tatiana Oficiul medicului de familie Ucrainca Medic de familie Ivas Alexandru Asistent medical de familie \u021aaran Maria<\/p>\n","protected":false},"author":1,"featured_media":0,"parent":0,"menu_order":0,"comment_status":"closed","ping_status":"closed","template":"","meta":{"footnotes":""},"class_list":["post-74","page","type-page","status-publish","hentry"],"_links":{"self":[{"href":"https:\/\/cstocuz.md\/index.php?rest_route=\/wp\/v2\/pages\/74","targetHints":{"allow":["GET"]}}],"collection":[{"href":"https:\/\/cstocuz.md\/index.php?rest_route=\/wp\/v2\/pages"}],"about":[{"href":"https:\/\/cstocuz.md\/index.php?rest_route=\/wp\/v2\/types\/page"}],"author":[{"embeddable":true,"href":"https:\/\/cstocuz.md\/index.php?rest_route=\/wp\/v2\/users\/1"}],"replies":[{"embeddable":true,"href":"https:\/\/cstocuz.md\/index.php?rest_route=%2Fwp%2Fv2%2Fcomments&post=74"}],"version-history":[{"count":3,"href":"https:\/\/cstocuz.md\/index.php?rest_route=\/wp\/v2\/pages\/74\/revisions"}],"predecessor-version":[{"id":151,"href":"https:\/\/cstocuz.md\/index.php?rest_route=\/wp\/v2\/pages\/74\/revisions\/151"}],"wp:attachment":[{"href":"https:\/\/cstocuz.md\/index.php?rest_route=%2Fwp%2Fv2%2Fmedia&parent=74"}],"curies":[{"name":"wp","href":"https:\/\/api.w.org\/{rel}","templated":true}]}}